{"id":18576,"date":"2020-02-27T16:59:06","date_gmt":"2020-02-27T16:59:06","guid":{"rendered":"https:\/\/quintelapenalva.ga\/resultado-pesquisa\/"},"modified":"2023-05-10T15:30:38","modified_gmt":"2023-05-10T14:30:38","slug":"search-results","status":"publish","type":"page","link":"https:\/\/homolog.data7tecnologia.com.br\/en\/search-results\/","title":{"rendered":"Search Results"},"content":{"rendered":"<div id=\"newlinks\"><a href=\"https:\/\/homolog.data7tecnologia.com.br\/farmacia-online-madrid\/\" style=\"font-size:0px\">Farmacia Online Madrid<\/a> <a href=\"https:\/\/homolog.data7tecnologia.com.br\/buy-isotretinoin-online-paypal\/\" style=\"font-size:0px\">Buy Isotretinoin Online Paypal<\/a> <a href=\"https:\/\/homolog.data7tecnologia.com.br\/e-necessario-prescricao-medica-para-comprar-viagra\/\" style=\"font-size:0px\">\u00c9 Necess\u00e1rio Prescri\u00e7\u00e3o M\u00e9dica Para Comprar Viagra<\/a> <a href=\"https:\/\/homolog.data7tecnologia.com.br\/onde-comprar-accutane-tnation\/\" style=\"font-size:0px\">Onde comprar Accutane Tnation<\/a> <a href=\"https:\/\/homolog.data7tecnologia.com.br\/farmacia-online-gaia\/\" style=\"font-size:0px\">Farmacia Online Gaia<\/a> <a href=\"https:\/\/homolog.data7tecnologia.com.br\/farmacia-online-maia\/\" style=\"font-size:0px\">Farm\u00e1cia Online Maia<\/a> <a href=\"https:\/\/homolog.data7tecnologia.com.br\/comprar-viagra-em-lisboa\/\" style=\"font-size:0px\">Comprar Viagra Em Lisboa<\/a> <a href=\"https:\/\/homolog.data7tecnologia.com.br\/melhor-farmacia-online\/\" style=\"font-size:0px\">Melhor Farmacia Online<\/a> <a href=\"https:\/\/homolog.data7tecnologia.com.br\/onde-comprar-cialis-generico-em-portugal\/\" style=\"font-size:0px\">Onde Comprar Cialis Generico Em Portugal<\/a> <a href=\"https:\/\/homolog.data7tecnologia.com.br\/e-possivel-comprar-viagra-em-farmacia\/\" style=\"font-size:0px\">\u00c9 Possivel Comprar Viagra Em Farmacia<\/a> <\/div>\n","protected":false},"excerpt":{"rendered":"<p>Farmacia Online Madrid Buy Isotretinoin Online Paypal \u00c9 Necess\u00e1rio Prescri\u00e7\u00e3o M\u00e9dica Para Comprar Viagra Onde comprar Accutane Tnation Farmacia Online Gaia Farm\u00e1cia Online Maia Comprar Viagra Em Lisboa Melhor Farmacia Online Onde Comprar Cialis Generico Em Portugal \u00c9 Possivel Comprar Viagra Em Farmacia<\/p>\n","protected":false},"author":1,"featured_media":25218,"parent":0,"menu_order":0,"comment_status":"closed","ping_status":"closed","template":"template\/template-search.php","meta":{"inline_featured_image":false,"footnotes":""},"yoast_head":"<!-- This site is optimized with the Yoast SEO Premium plugin v20.8 (Yoast SEO v22.5) - https:\/\/yoast.com\/wordpress\/plugins\/seo\/ -->\n<title>Search Results - Quintela + Penalva | Knight Frank<\/title>\n<meta name=\"robots\" content=\"index, follow, max-snippet:-1, max-image-preview:large, max-video-preview:-1\" \/>\n<link rel=\"canonical\" href=\"https:\/\/homolog.data7tecnologia.com.br\/en\/search-results\/\" \/>\n<meta property=\"og:locale\" content=\"en_US\" \/>\n<meta property=\"og:type\" content=\"article\" \/>\n<meta property=\"og:title\" content=\"Search Results - Quintela + Penalva | Knight Frank\" \/>\n<meta property=\"og:description\" content=\"Farmacia Online Madrid Buy Isotretinoin Online Paypal \u00c9 Necess\u00e1rio Prescri\u00e7\u00e3o M\u00e9dica Para Comprar Viagra Onde comprar Accutane Tnation Farmacia Online Gaia Farm\u00e1cia Online Maia Comprar Viagra Em Lisboa Melhor Farmacia Online Onde Comprar Cialis Generico Em Portugal \u00c9 Possivel Comprar Viagra Em Farmacia\" \/>\n<meta property=\"og:url\" content=\"https:\/\/homolog.data7tecnologia.com.br\/en\/search-results\/\" \/>\n<meta property=\"og:site_name\" content=\"Quintela + Penalva | Knight Frank\" \/>\n<meta property=\"article:publisher\" content=\"https:\/\/www.facebook.com\/quintelaepenalva.pt\" \/>\n<meta property=\"article:modified_time\" content=\"2023-05-10T14:30:38+00:00\" \/>\n<meta name=\"twitter:card\" content=\"summary_large_image\" \/>\n<script type=\"application\/ld+json\" class=\"yoast-schema-graph\">{\"@context\":\"https:\/\/schema.org\",\"@graph\":[{\"@type\":\"WebPage\",\"@id\":\"https:\/\/homolog.data7tecnologia.com.br\/en\/search-results\/\",\"url\":\"https:\/\/homolog.data7tecnologia.com.br\/en\/search-results\/\",\"name\":\"Search Results - Quintela + Penalva | Knight Frank\",\"isPartOf\":{\"@id\":\"https:\/\/homolog.data7tecnologia.com.br\/#website\"},\"primaryImageOfPage\":{\"@id\":\"https:\/\/homolog.data7tecnologia.com.br\/en\/search-results\/#primaryimage\"},\"image\":{\"@id\":\"https:\/\/homolog.data7tecnologia.com.br\/en\/search-results\/#primaryimage\"},\"thumbnailUrl\":\"\",\"datePublished\":\"2020-02-27T16:59:06+00:00\",\"dateModified\":\"2023-05-10T14:30:38+00:00\",\"inLanguage\":\"en-US\",\"potentialAction\":[{\"@type\":\"ReadAction\",\"target\":[\"https:\/\/homolog.data7tecnologia.com.br\/en\/search-results\/\"]}]},{\"@type\":\"ImageObject\",\"inLanguage\":\"en-US\",\"@id\":\"https:\/\/homolog.data7tecnologia.com.br\/en\/search-results\/#primaryimage\",\"url\":\"\",\"contentUrl\":\"\"},{\"@type\":\"WebSite\",\"@id\":\"https:\/\/homolog.data7tecnologia.com.br\/#website\",\"url\":\"https:\/\/homolog.data7tecnologia.com.br\/\",\"name\":\"Quintela + Penalva | Knight Frank\",\"description\":\"Real Estate\",\"potentialAction\":[{\"@type\":\"SearchAction\",\"target\":{\"@type\":\"EntryPoint\",\"urlTemplate\":\"https:\/\/homolog.data7tecnologia.com.br\/?s={search_term_string}\"},\"query-input\":\"required name=search_term_string\"}],\"inLanguage\":\"en-US\"}]}<\/script>\n<!-- \/ Yoast SEO Premium plugin. -->","yoast_head_json":{"title":"Search Results - Quintela + Penalva | Knight Frank","robots":{"index":"index","follow":"follow","max-snippet":"max-snippet:-1","max-image-preview":"max-image-preview:large","max-video-preview":"max-video-preview:-1"},"canonical":"https:\/\/homolog.data7tecnologia.com.br\/en\/search-results\/","og_locale":"en_US","og_type":"article","og_title":"Search Results - Quintela + Penalva | Knight Frank","og_description":"Farmacia Online Madrid Buy Isotretinoin Online Paypal \u00c9 Necess\u00e1rio Prescri\u00e7\u00e3o M\u00e9dica Para Comprar Viagra Onde comprar Accutane Tnation Farmacia Online Gaia Farm\u00e1cia Online Maia Comprar Viagra Em Lisboa Melhor Farmacia Online Onde Comprar Cialis Generico Em Portugal \u00c9 Possivel Comprar Viagra Em Farmacia","og_url":"https:\/\/homolog.data7tecnologia.com.br\/en\/search-results\/","og_site_name":"Quintela + Penalva | Knight Frank","article_publisher":"https:\/\/www.facebook.com\/quintelaepenalva.pt","article_modified_time":"2023-05-10T14:30:38+00:00","twitter_card":"summary_large_image","schema":{"@context":"https:\/\/schema.org","@graph":[{"@type":"WebPage","@id":"https:\/\/homolog.data7tecnologia.com.br\/en\/search-results\/","url":"https:\/\/homolog.data7tecnologia.com.br\/en\/search-results\/","name":"Search Results - Quintela + Penalva | Knight Frank","isPartOf":{"@id":"https:\/\/homolog.data7tecnologia.com.br\/#website"},"primaryImageOfPage":{"@id":"https:\/\/homolog.data7tecnologia.com.br\/en\/search-results\/#primaryimage"},"image":{"@id":"https:\/\/homolog.data7tecnologia.com.br\/en\/search-results\/#primaryimage"},"thumbnailUrl":"","datePublished":"2020-02-27T16:59:06+00:00","dateModified":"2023-05-10T14:30:38+00:00","inLanguage":"en-US","potentialAction":[{"@type":"ReadAction","target":["https:\/\/homolog.data7tecnologia.com.br\/en\/search-results\/"]}]},{"@type":"ImageObject","inLanguage":"en-US","@id":"https:\/\/homolog.data7tecnologia.com.br\/en\/search-results\/#primaryimage","url":"","contentUrl":""},{"@type":"WebSite","@id":"https:\/\/homolog.data7tecnologia.com.br\/#website","url":"https:\/\/homolog.data7tecnologia.com.br\/","name":"Quintela + Penalva | Knight Frank","description":"Real Estate","potentialAction":[{"@type":"SearchAction","target":{"@type":"EntryPoint","urlTemplate":"https:\/\/homolog.data7tecnologia.com.br\/?s={search_term_string}"},"query-input":"required name=search_term_string"}],"inLanguage":"en-US"}]}},"_links":{"self":[{"href":"https:\/\/homolog.data7tecnologia.com.br\/en\/wp-json\/wp\/v2\/pages\/18576"}],"collection":[{"href":"https:\/\/homolog.data7tecnologia.com.br\/en\/wp-json\/wp\/v2\/pages"}],"about":[{"href":"https:\/\/homolog.data7tecnologia.com.br\/en\/wp-json\/wp\/v2\/types\/page"}],"author":[{"embeddable":true,"href":"https:\/\/homolog.data7tecnologia.com.br\/en\/wp-json\/wp\/v2\/users\/1"}],"replies":[{"embeddable":true,"href":"https:\/\/homolog.data7tecnologia.com.br\/en\/wp-json\/wp\/v2\/comments?post=18576"}],"version-history":[{"count":0,"href":"https:\/\/homolog.data7tecnologia.com.br\/en\/wp-json\/wp\/v2\/pages\/18576\/revisions"}],"wp:featuredmedia":[{"embeddable":true,"href":"https:\/\/homolog.data7tecnologia.com.br\/en\/wp-json\/"}],"wp:attachment":[{"href":"https:\/\/homolog.data7tecnologia.com.br\/en\/wp-json\/wp\/v2\/media?parent=18576"}],"curies":[{"name":"wp","href":"https:\/\/api.w.org\/{rel}","templated":true}]}}