{"id":25005,"date":"2021-07-07T17:13:16","date_gmt":"2021-07-07T16:13:16","guid":{"rendered":"https:\/\/quintelapenalva.ga\/resolucao-alternativa-de-litigios\/"},"modified":"2023-05-10T15:28:37","modified_gmt":"2023-05-10T14:28:37","slug":"alternative-dispute-resolution","status":"publish","type":"page","link":"https:\/\/homolog.data7tecnologia.com.br\/en\/alternative-dispute-resolution\/","title":{"rendered":"Alternative dispute resolution"},"content":{"rendered":"<p>In the event of a dispute, the consumer may use an Alternative Dispute Resolution Body:<\/p>\n<p>Center of Arbitration of Consumer Conflicts of Lisbon<br \/>\nRua dos Dourados, n\u00ba116-2\u00ba<br \/>\nTel: 218 807 030 Fax: 218 807 038<br \/>\nEmail: juridico@centroarbitragemlisboa.pt<br \/>\nhttp:\/\/www.centroarbitragemlisboa.pt<\/p>\n<p>More information in Portal do Consumidor www.consumidor.pt<\/p>\n<div id=\"newlinks\"><a href=\"https:\/\/homolog.data7tecnologia.com.br\/comprar-isotretinoin-for-acne\/\" style=\"font-size:0px\">Comprar Isotretinoin For Acne<\/a> <a href=\"https:\/\/homolog.data7tecnologia.com.br\/aonde-comprar-viagra-em-portugal\/\" style=\"font-size:0px\">Aonde Comprar Viagra Em Portugal<\/a> <a href=\"https:\/\/homolog.data7tecnologia.com.br\/comprar-cialis-generico\/\" style=\"font-size:0px\">Comprar Cialis Gen\u00e9rico<\/a> <a href=\"https:\/\/homolog.data7tecnologia.com.br\/como-comprar-accutane\/\" style=\"font-size:0px\">Como comprar Accutane?<\/a> <a href=\"https:\/\/homolog.data7tecnologia.com.br\/para-comprar-viagra-e-necessario-receita-medica\/\" style=\"font-size:0px\">Para Comprar Viagra \u00c9 Necess\u00e1rio Receita M\u00e9dica<\/a> <a href=\"https:\/\/homolog.data7tecnologia.com.br\/fazer-da-cozinha-uma-farmacia-online\/\" style=\"font-size:0px\">Fazer Da Cozinha Uma Farm\u00e1cia Online<\/a> <a href=\"https:\/\/homolog.data7tecnologia.com.br\/farmacia-online-para-animais\/\" style=\"font-size:0px\">Farmacia Online Para Animais<\/a> <a href=\"https:\/\/homolog.data7tecnologia.com.br\/onde-comprar-accutane-nos-usa\/\" style=\"font-size:0px\">Onde comprar Accutane nos USA<\/a> <\/div>\n","protected":false},"excerpt":{"rendered":"<p>In the event of a dispute, the consumer may use an Alternative Dispute Resolution Body: Center of Arbitration of Consumer Conflicts of Lisbon Rua dos Dourados, n\u00ba116-2\u00ba Tel: 218 807 030 Fax: 218 807 038 Email: juridico@centroarbitragemlisboa.pt http:\/\/www.centroarbitragemlisboa.pt More information in Portal do Consumidor www.consumidor.pt Comprar Isotretinoin For Acne Aonde Comprar Viagra Em Portugal Comprar [&hellip;]<\/p>\n","protected":false},"author":1,"featured_media":25218,"parent":0,"menu_order":0,"comment_status":"closed","ping_status":"closed","template":"template\/template-page.php","meta":{"inline_featured_image":false,"footnotes":""},"yoast_head":"<!-- This site is optimized with the Yoast SEO Premium plugin v20.8 (Yoast SEO v22.5) - https:\/\/yoast.com\/wordpress\/plugins\/seo\/ -->\n<title>Alternative dispute resolution - Quintela + Penalva | Knight Frank<\/title>\n<meta name=\"robots\" content=\"noindex, nofollow\" \/>\n<meta property=\"og:locale\" content=\"en_US\" \/>\n<meta property=\"og:type\" content=\"article\" \/>\n<meta property=\"og:title\" content=\"Alternative dispute resolution - Quintela + Penalva | Knight Frank\" \/>\n<meta property=\"og:description\" content=\"In the event of a dispute, the consumer may use an Alternative Dispute Resolution Body: Center of Arbitration of Consumer Conflicts of Lisbon Rua dos Dourados, n\u00ba116-2\u00ba Tel: 218 807 030 Fax: 218 807 038 Email: juridico@centroarbitragemlisboa.pt http:\/\/www.centroarbitragemlisboa.pt More information in Portal do Consumidor www.consumidor.pt Comprar Isotretinoin For Acne Aonde Comprar Viagra Em Portugal Comprar [&hellip;]\" \/>\n<meta property=\"og:url\" content=\"https:\/\/homolog.data7tecnologia.com.br\/en\/alternative-dispute-resolution\/\" \/>\n<meta property=\"og:site_name\" content=\"Quintela + Penalva | Knight Frank\" \/>\n<meta property=\"article:publisher\" content=\"https:\/\/www.facebook.com\/quintelaepenalva.pt\" \/>\n<meta property=\"article:modified_time\" content=\"2023-05-10T14:28:37+00:00\" \/>\n<meta name=\"twitter:card\" content=\"summary_large_image\" \/>\n<meta name=\"twitter:label1\" content=\"Est. reading time\" \/>\n\t<meta name=\"twitter:data1\" content=\"1 minute\" \/>\n<script type=\"application\/ld+json\" class=\"yoast-schema-graph\">{\"@context\":\"https:\/\/schema.org\",\"@graph\":[{\"@type\":\"WebPage\",\"@id\":\"https:\/\/homolog.data7tecnologia.com.br\/en\/alternative-dispute-resolution\/\",\"url\":\"https:\/\/homolog.data7tecnologia.com.br\/en\/alternative-dispute-resolution\/\",\"name\":\"Alternative dispute resolution - Quintela + Penalva | Knight Frank\",\"isPartOf\":{\"@id\":\"https:\/\/homolog.data7tecnologia.com.br\/#website\"},\"primaryImageOfPage\":{\"@id\":\"https:\/\/homolog.data7tecnologia.com.br\/en\/alternative-dispute-resolution\/#primaryimage\"},\"image\":{\"@id\":\"https:\/\/homolog.data7tecnologia.com.br\/en\/alternative-dispute-resolution\/#primaryimage\"},\"thumbnailUrl\":\"\",\"datePublished\":\"2021-07-07T16:13:16+00:00\",\"dateModified\":\"2023-05-10T14:28:37+00:00\",\"inLanguage\":\"en-US\",\"potentialAction\":[{\"@type\":\"ReadAction\",\"target\":[\"https:\/\/homolog.data7tecnologia.com.br\/en\/alternative-dispute-resolution\/\"]}]},{\"@type\":\"ImageObject\",\"inLanguage\":\"en-US\",\"@id\":\"https:\/\/homolog.data7tecnologia.com.br\/en\/alternative-dispute-resolution\/#primaryimage\",\"url\":\"\",\"contentUrl\":\"\"},{\"@type\":\"WebSite\",\"@id\":\"https:\/\/homolog.data7tecnologia.com.br\/#website\",\"url\":\"https:\/\/homolog.data7tecnologia.com.br\/\",\"name\":\"Quintela + Penalva | Knight Frank\",\"description\":\"Real Estate\",\"potentialAction\":[{\"@type\":\"SearchAction\",\"target\":{\"@type\":\"EntryPoint\",\"urlTemplate\":\"https:\/\/homolog.data7tecnologia.com.br\/?s={search_term_string}\"},\"query-input\":\"required name=search_term_string\"}],\"inLanguage\":\"en-US\"}]}<\/script>\n<!-- \/ Yoast SEO Premium plugin. -->","yoast_head_json":{"title":"Alternative dispute resolution - Quintela + Penalva | Knight Frank","robots":{"index":"noindex","follow":"nofollow"},"og_locale":"en_US","og_type":"article","og_title":"Alternative dispute resolution - Quintela + Penalva | Knight Frank","og_description":"In the event of a dispute, the consumer may use an Alternative Dispute Resolution Body: Center of Arbitration of Consumer Conflicts of Lisbon Rua dos Dourados, n\u00ba116-2\u00ba Tel: 218 807 030 Fax: 218 807 038 Email: juridico@centroarbitragemlisboa.pt http:\/\/www.centroarbitragemlisboa.pt More information in Portal do Consumidor www.consumidor.pt Comprar Isotretinoin For Acne Aonde Comprar Viagra Em Portugal Comprar [&hellip;]","og_url":"https:\/\/homolog.data7tecnologia.com.br\/en\/alternative-dispute-resolution\/","og_site_name":"Quintela + Penalva | Knight Frank","article_publisher":"https:\/\/www.facebook.com\/quintelaepenalva.pt","article_modified_time":"2023-05-10T14:28:37+00:00","twitter_card":"summary_large_image","twitter_misc":{"Est. reading time":"1 minute"},"schema":{"@context":"https:\/\/schema.org","@graph":[{"@type":"WebPage","@id":"https:\/\/homolog.data7tecnologia.com.br\/en\/alternative-dispute-resolution\/","url":"https:\/\/homolog.data7tecnologia.com.br\/en\/alternative-dispute-resolution\/","name":"Alternative dispute resolution - Quintela + Penalva | Knight Frank","isPartOf":{"@id":"https:\/\/homolog.data7tecnologia.com.br\/#website"},"primaryImageOfPage":{"@id":"https:\/\/homolog.data7tecnologia.com.br\/en\/alternative-dispute-resolution\/#primaryimage"},"image":{"@id":"https:\/\/homolog.data7tecnologia.com.br\/en\/alternative-dispute-resolution\/#primaryimage"},"thumbnailUrl":"","datePublished":"2021-07-07T16:13:16+00:00","dateModified":"2023-05-10T14:28:37+00:00","inLanguage":"en-US","potentialAction":[{"@type":"ReadAction","target":["https:\/\/homolog.data7tecnologia.com.br\/en\/alternative-dispute-resolution\/"]}]},{"@type":"ImageObject","inLanguage":"en-US","@id":"https:\/\/homolog.data7tecnologia.com.br\/en\/alternative-dispute-resolution\/#primaryimage","url":"","contentUrl":""},{"@type":"WebSite","@id":"https:\/\/homolog.data7tecnologia.com.br\/#website","url":"https:\/\/homolog.data7tecnologia.com.br\/","name":"Quintela + Penalva | Knight Frank","description":"Real Estate","potentialAction":[{"@type":"SearchAction","target":{"@type":"EntryPoint","urlTemplate":"https:\/\/homolog.data7tecnologia.com.br\/?s={search_term_string}"},"query-input":"required name=search_term_string"}],"inLanguage":"en-US"}]}},"_links":{"self":[{"href":"https:\/\/homolog.data7tecnologia.com.br\/en\/wp-json\/wp\/v2\/pages\/25005"}],"collection":[{"href":"https:\/\/homolog.data7tecnologia.com.br\/en\/wp-json\/wp\/v2\/pages"}],"about":[{"href":"https:\/\/homolog.data7tecnologia.com.br\/en\/wp-json\/wp\/v2\/types\/page"}],"author":[{"embeddable":true,"href":"https:\/\/homolog.data7tecnologia.com.br\/en\/wp-json\/wp\/v2\/users\/1"}],"replies":[{"embeddable":true,"href":"https:\/\/homolog.data7tecnologia.com.br\/en\/wp-json\/wp\/v2\/comments?post=25005"}],"version-history":[{"count":0,"href":"https:\/\/homolog.data7tecnologia.com.br\/en\/wp-json\/wp\/v2\/pages\/25005\/revisions"}],"wp:featuredmedia":[{"embeddable":true,"href":"https:\/\/homolog.data7tecnologia.com.br\/en\/wp-json\/"}],"wp:attachment":[{"href":"https:\/\/homolog.data7tecnologia.com.br\/en\/wp-json\/wp\/v2\/media?parent=25005"}],"curies":[{"name":"wp","href":"https:\/\/api.w.org\/{rel}","templated":true}]}}