{"id":26571,"date":"2021-07-26T15:00:52","date_gmt":"2021-07-26T14:00:52","guid":{"rendered":"https:\/\/quintelapenalva.ga\/investing-in-portugal\/programa-golden-visa\/"},"modified":"2023-10-27T18:58:36","modified_gmt":"2023-10-27T17:58:36","slug":"the-golden-visa-programme","status":"publish","type":"page","link":"https:\/\/homolog.data7tecnologia.com.br\/en\/investing-in-portugal\/the-golden-visa-programme\/","title":{"rendered":"The Golden Visa Programme"},"content":{"rendered":"\t\t<div data-elementor-type=\"wp-page\" data-elementor-id=\"26571\" class=\"elementor elementor-26571 elementor-26549\" data-elementor-post-type=\"page\">\n\t\t\t\t\t\t<section class=\"elementor-section elementor-top-section elementor-element elementor-element-290b6ec1 elementor-section-height-min-height animated-slow elementor-section-boxed elementor-section-height-default elementor-section-items-middle elementor-invisible\" data-id=\"290b6ec1\" data-element_type=\"section\" data-settings=\"{&quot;background_background&quot;:&quot;classic&quot;,&quot;animation&quot;:&quot;fadeIn&quot;}\">\n\t\t\t\t\t\t\t<div class=\"elementor-background-overlay\"><\/div>\n\t\t\t\t\t\t\t<div class=\"elementor-container elementor-column-gap-default\">\n\t\t\t\t\t<div class=\"elementor-column elementor-col-100 elementor-top-column elementor-element elementor-element-710fd73a\" data-id=\"710fd73a\" data-element_type=\"column\">\n\t\t\t<div class=\"elementor-widget-wrap elementor-element-populated\">\n\t\t\t\t\t\t<div class=\"elementor-element elementor-element-759364e0 elementor-widget elementor-widget-heading\" data-id=\"759364e0\" data-element_type=\"widget\" data-widget_type=\"heading.default\">\n\t\t\t\t<div class=\"elementor-widget-container\">\n\t\t\t<h3 class=\"elementor-heading-title elementor-size-default\">GOLDEN VISA<\/h3>\t\t<\/div>\n\t\t\t\t<\/div>\n\t\t\t\t<div class=\"elementor-element elementor-element-76e619e8 elementor-widget elementor-widget-heading\" data-id=\"76e619e8\" data-element_type=\"widget\" data-widget_type=\"heading.default\">\n\t\t\t\t<div class=\"elementor-widget-container\">\n\t\t\t<h1 class=\"elementor-heading-title elementor-size-default\">Obter visto de resid\u00eancia em Portugal e na Europa<\/h1>\t\t<\/div>\n\t\t\t\t<\/div>\n\t\t\t\t<div class=\"elementor-element elementor-element-aae32d0 elementor-widget elementor-widget-heading\" data-id=\"aae32d0\" data-element_type=\"widget\" data-widget_type=\"heading.default\">\n\t\t\t\t<div class=\"elementor-widget-container\">\n\t\t\t<h2 class=\"elementor-heading-title elementor-size-default\">Investimento que lhe confere liberdade de circula\u00e7\u00e3o<\/h2>\t\t<\/div>\n\t\t\t\t<\/div>\n\t\t\t\t\t<\/div>\n\t\t<\/div>\n\t\t\t\t\t<\/div>\n\t\t<\/section>\n\t\t\t\t<section class=\"elementor-section elementor-top-section elementor-element elementor-element-bf99bf3 elementor-section-boxed elementor-section-height-default elementor-section-height-default\" data-id=\"bf99bf3\" data-element_type=\"section\" data-settings=\"{&quot;background_background&quot;:&quot;classic&quot;}\">\n\t\t\t\t\t\t<div class=\"elementor-container elementor-column-gap-default\">\n\t\t\t\t\t<div class=\"elementor-column elementor-col-100 elementor-top-column elementor-element elementor-element-7c9f42e\" data-id=\"7c9f42e\" data-element_type=\"column\">\n\t\t\t<div class=\"elementor-widget-wrap elementor-element-populated\">\n\t\t\t\t\t\t<div class=\"elementor-element elementor-element-69006ea elementor-widget elementor-widget-houzez-property-breadcrumb\" data-id=\"69006ea\" data-element_type=\"widget\" data-widget_type=\"houzez-property-breadcrumb.default\">\n\t\t\t\t<div class=\"elementor-widget-container\">\n\t\t\t<div class=\"breadcrumb-wrap\"><ol class=\"breadcrumb\"><li class=\"breadcrumb-item\"><a href=\"https:\/\/homolog.data7tecnologia.com.br\/en\/\/\"><span>Home<\/span><\/a><\/li><li class=\"breadcrumb-item active\">Pages<\/li><\/ol><\/div>\t\t<\/div>\n\t\t\t\t<\/div>\n\t\t\t\t<div class=\"elementor-element elementor-element-0b52239 elementor-widget elementor-widget-spacer\" data-id=\"0b52239\" data-element_type=\"widget\" data-widget_type=\"spacer.default\">\n\t\t\t\t<div class=\"elementor-widget-container\">\n\t\t\t\t\t<div class=\"elementor-spacer\">\n\t\t\t<div class=\"elementor-spacer-inner\"><\/div>\n\t\t<\/div>\n\t\t\t\t<\/div>\n\t\t\t\t<\/div>\n\t\t\t\t\t<\/div>\n\t\t<\/div>\n\t\t\t\t\t<\/div>\n\t\t<\/section>\n\t\t\t\t<section class=\"elementor-section elementor-top-section elementor-element elementor-element-f292e39 elementor-section-boxed elementor-section-height-default elementor-section-height-default\" data-id=\"f292e39\" data-element_type=\"section\" data-settings=\"{&quot;background_background&quot;:&quot;classic&quot;}\">\n\t\t\t\t\t\t<div class=\"elementor-container elementor-column-gap-default\">\n\t\t\t\t\t<div class=\"elementor-column elementor-col-100 elementor-top-column elementor-element elementor-element-ba33303\" data-id=\"ba33303\" data-element_type=\"column\" data-settings=\"{&quot;background_background&quot;:&quot;classic&quot;}\">\n\t\t\t<div class=\"elementor-widget-wrap elementor-element-populated\">\n\t\t\t\t\t\t<div class=\"elementor-element elementor-element-394abdb elementor-drop-cap-yes elementor-drop-cap-view-default elementor-widget elementor-widget-text-editor\" data-id=\"394abdb\" data-element_type=\"widget\" data-settings=\"{&quot;drop_cap&quot;:&quot;yes&quot;}\" data-widget_type=\"text-editor.default\">\n\t\t\t\t<div class=\"elementor-widget-container\">\n\t\t\t\t\t\t\t<p>O programa Golden Visa e\u0301 um dos mais populares na Europa em termos de obtenc\u0327a\u0303o de reside\u0302ncia e foca-se principalmente no investimento imobilia\u0301rio. A sua aceitac\u0327a\u0303o e popularidade entre os pai\u0301ses de fora da Unia\u0303o Europeia decorre da relativa facilidade e liberdade de circulac\u0327a\u0303o no Espac\u0327o Schengen, que abrange 26 pai\u0301ses europeus.<\/p>\n<p>Em janeiro de 2021, um total de 9.389 investidores e 16.050 fami\u0301lias tinham beneficiado do programa, representando um investimento no pai\u0301s de mais de 5,6 mil milho\u0303es de euros desde a sua criac\u0327a\u0303o em 2012. A partir de 1 de janeiro de 2022 este programa ira\u0301 sofrer alterac\u0327o\u0303es deixando de ser possi\u0301vel investir em imobilia\u0301rio nas a\u0301reas de Lisboa, Porto e no litoral. No entanto, sera\u0303o aplica\u0301veis outras opc\u0327o\u0303es de investimento. Ate\u0301 a\u0300 referida data continuara\u0303o em vigor os seguintes requisitos e benefi\u0301cios:<\/p>\n\t\t\t\t\t\t<\/div>\n\t\t\t\t<\/div>\n\t\t\t\t\t<\/div>\n\t\t<\/div>\n\t\t\t\t\t<\/div>\n\t\t<\/section>\n\t\t\t\t<section class=\"elementor-section elementor-top-section elementor-element elementor-element-fb36cbf elementor-section-boxed elementor-section-height-default elementor-section-height-default\" data-id=\"fb36cbf\" data-element_type=\"section\" data-settings=\"{&quot;background_background&quot;:&quot;classic&quot;}\">\n\t\t\t\t\t\t<div class=\"elementor-container elementor-column-gap-default\">\n\t\t\t\t\t<div class=\"elementor-column elementor-col-33 elementor-top-column elementor-element elementor-element-672955f\" data-id=\"672955f\" data-element_type=\"column\" data-settings=\"{&quot;background_background&quot;:&quot;classic&quot;}\">\n\t\t\t<div class=\"elementor-widget-wrap elementor-element-populated\">\n\t\t\t\t\t\t<div class=\"elementor-element elementor-element-743ec21 icon-list-home22 elementor-view-default elementor-position-top elementor-mobile-position-top elementor-widget elementor-widget-icon-box\" data-id=\"743ec21\" data-element_type=\"widget\" data-widget_type=\"icon-box.default\">\n\t\t\t\t<div class=\"elementor-widget-container\">\n\t\t\t\t\t<div class=\"elementor-icon-box-wrapper\">\n\n\t\t\t\t\t\t<div class=\"elementor-icon-box-icon\">\n\t\t\t\t<span  class=\"elementor-icon elementor-animation-\">\n\t\t\t\t<svg xmlns=\"http:\/\/www.w3.org\/2000\/svg\" width=\"92\" height=\"93\" viewBox=\"0 0 92 93\" fill=\"none\"><path d=\"M45.8613 92.3867C70.9277 92.3867 91.6816 71.5879 91.6816 46.5664C91.6816 21.5 70.8828 0.746094 45.8164 0.746094C20.7949 0.746094 0.0410156 21.5 0.0410156 46.5664C0.0410156 71.5879 20.8398 92.3867 45.8613 92.3867ZM45.8613 84.75C24.6582 84.75 7.72266 67.7695 7.72266 46.5664C7.72266 25.3633 24.6133 8.38281 45.8164 8.38281C67.0195 8.38281 84 25.3633 84.0449 46.5664C84.0898 67.7695 67.0645 84.75 45.8613 84.75ZM40.9199 67.9043C42.4023 67.9043 43.6602 67.1855 44.5586 65.793L65.0879 33.4941C65.582 32.6406 66.166 31.6074 66.166 30.6191C66.166 28.6426 64.3691 27.3398 62.4824 27.3398C61.3594 27.3398 60.2363 28.0137 59.3828 29.3613L40.7402 59.2344L31.8906 47.8242C30.8125 46.3867 29.8242 45.9824 28.5664 45.9824C26.6348 45.9824 25.1074 47.5547 25.1074 49.5762C25.1074 50.5195 25.5117 51.5078 26.1406 52.3613L37.1016 65.793C38.2246 67.2754 39.4375 67.9043 40.9199 67.9043Z\" fill=\"#F04B24\"><\/path><\/svg>\t\t\t\t<\/span>\n\t\t\t<\/div>\n\t\t\t\n\t\t\t\t\t\t<div class=\"elementor-icon-box-content\">\n\n\t\t\t\t\t\t\t\t\t<h3 class=\"elementor-icon-box-title\">\n\t\t\t\t\t\t<span  >\n\t\t\t\t\t\t\tBenef\u00edcios\t\t\t\t\t\t<\/span>\n\t\t\t\t\t<\/h3>\n\t\t\t\t\n\t\t\t\t\t\t\t\t\t<p class=\"elementor-icon-box-description\">\n\t\t\t\t\t\t<span>+<\/span> Autorizac\u0327a\u0303o de reside\u0302ncia para viver, trabalhar e estudar em Portugal durante 5 anos, com opc\u0327a\u0303o de requerer reside\u0302ncia permanente\n<br>\n<span>+<\/span> Licenc\u0327a para familiares\n<br>\n<span>+<\/span> Acesso a\u0300 seguranc\u0327a social, ensino e sau\u0301de pu\u0301blica\n<br>\n<span>+<\/span> Livre circulac\u0327a\u0303o para viver e trabalhar no Espac\u0327o Schengen\t\t\t\t\t<\/p>\n\t\t\t\t\n\t\t\t<\/div>\n\t\t\t\n\t\t<\/div>\n\t\t\t\t<\/div>\n\t\t\t\t<\/div>\n\t\t\t\t\t<\/div>\n\t\t<\/div>\n\t\t\t\t<div class=\"elementor-column elementor-col-33 elementor-top-column elementor-element elementor-element-1f75784\" data-id=\"1f75784\" data-element_type=\"column\" data-settings=\"{&quot;background_background&quot;:&quot;classic&quot;}\">\n\t\t\t<div class=\"elementor-widget-wrap elementor-element-populated\">\n\t\t\t\t\t\t<div class=\"elementor-element elementor-element-65bb2ef icon-list-home22 elementor-view-default elementor-position-top elementor-mobile-position-top elementor-widget elementor-widget-icon-box\" data-id=\"65bb2ef\" data-element_type=\"widget\" data-widget_type=\"icon-box.default\">\n\t\t\t\t<div class=\"elementor-widget-container\">\n\t\t\t\t\t<div class=\"elementor-icon-box-wrapper\">\n\n\t\t\t\t\t\t<div class=\"elementor-icon-box-icon\">\n\t\t\t\t<span  class=\"elementor-icon elementor-animation-\">\n\t\t\t\t<svg xmlns=\"http:\/\/www.w3.org\/2000\/svg\" width=\"103\" height=\"103\" viewBox=\"0 0 103 103\" fill=\"none\"><path d=\"M23.8499 90.5137H33.553C34.4964 90.5137 35.1702 90.7832 35.844 91.457L42.762 98.3301C48.4221 104.035 53.678 103.99 59.3382 98.3301L66.2561 91.457C66.9299 90.7832 67.6038 90.5137 68.5471 90.5137H78.2503C86.2913 90.5137 90.0198 86.8301 90.0198 78.7442V69.041C90.0198 68.0977 90.2893 67.4688 90.9632 66.75L97.7913 59.832C103.496 54.1719 103.451 48.961 97.7913 43.2559L90.9632 36.3379C90.2893 35.6641 90.0198 34.9902 90.0198 34.0918V24.3438C90.0198 16.3477 86.3362 12.5742 78.2503 12.5742H68.5471C67.6038 12.5742 66.9299 12.3496 66.2561 11.6758L59.3382 4.80275C53.678 -0.902327 48.4221 -0.857405 42.762 4.80275L35.844 11.6758C35.1702 12.3496 34.4964 12.5742 33.553 12.5742H23.8499C15.8089 12.5742 12.0803 16.2578 12.0803 24.3438V34.0918C12.0803 34.9902 11.8557 35.6641 11.1819 36.3379L4.30885 43.2559C-1.39622 48.961 -1.3513 54.1719 4.30885 59.832L11.1819 66.75C11.8557 67.4688 12.0803 68.0977 12.0803 69.041V78.7442C12.0803 86.7852 15.8089 90.5137 23.8499 90.5137ZM23.8499 83.3711C19.8518 83.3711 19.2229 82.7422 19.2229 78.7442V66.6602C19.2229 65.3125 18.8186 64.2793 17.8303 63.291L9.3401 54.8457C6.51003 51.9707 6.51003 51.1621 9.3401 48.2871L17.8303 39.8418C18.8186 38.8535 19.2229 37.8203 19.2229 36.4277V24.3438C19.2229 20.3008 19.8069 19.7168 23.8499 19.7168H35.9339C37.3264 19.7168 38.3596 19.3574 39.3479 18.3242L47.7932 9.834C50.6682 7.00392 51.4768 7.00392 54.3069 9.834L62.7971 18.3242C63.7405 19.3574 64.8186 19.7168 66.1663 19.7168H78.2503C82.2483 19.7168 82.8772 20.3457 82.8772 24.3438V36.4277C82.8772 37.8203 83.3264 38.8535 84.3147 39.8418L92.8049 48.2871C95.635 51.1621 95.635 51.9707 92.8049 54.8457L84.3147 63.291C83.3264 64.2793 82.8772 65.3125 82.8772 66.6602V78.7442C82.8772 82.7422 82.2483 83.3711 78.2503 83.3711H66.1663C64.8186 83.3711 63.7405 83.7754 62.7971 84.8086L54.3069 93.2988C51.4768 96.1289 50.6682 96.1289 47.7932 93.2988L39.3479 84.8086C38.3596 83.7754 37.3264 83.3711 35.9339 83.3711H23.8499ZM46.176 72.8594C47.6585 72.8594 48.9163 72.1406 49.8147 70.793L70.344 38.4492C70.8382 37.5957 71.4221 36.6074 71.4221 35.5742C71.4221 33.5977 69.6253 32.2949 67.7835 32.2949C66.6155 32.2949 65.4924 32.9688 64.6389 34.3164L45.9964 64.2344L37.1467 52.7793C36.0686 51.3418 35.0803 50.9375 33.8674 50.9375C31.8909 50.9375 30.3635 52.5098 30.3635 54.5313C30.3635 55.4746 30.7678 56.4629 31.3967 57.3164L42.3577 70.793C43.4807 72.2754 44.6936 72.8594 46.176 72.8594Z\" fill=\"#F04B24\"><\/path><\/svg>\t\t\t\t<\/span>\n\t\t\t<\/div>\n\t\t\t\n\t\t\t\t\t\t<div class=\"elementor-icon-box-content\">\n\n\t\t\t\t\t\t\t\t\t<h3 class=\"elementor-icon-box-title\">\n\t\t\t\t\t\t<span  >\n\t\t\t\t\t\t\tRequisitos de permane\u0302ncia\t\t\t\t\t\t<\/span>\n\t\t\t\t\t<\/h3>\n\t\t\t\t\n\t\t\t\t\t\t\t\t\t<p class=\"elementor-icon-box-description\">\n\t\t\t\t\t\t<span>+<\/span> Permanecer 7 dias em Portugal no primeiro ano\n<br>\n<span>+<\/span> Permanecer 14 dias em Portugal de dois em dois anos\t\t\t\t\t<\/p>\n\t\t\t\t\n\t\t\t<\/div>\n\t\t\t\n\t\t<\/div>\n\t\t\t\t<\/div>\n\t\t\t\t<\/div>\n\t\t\t\t\t<\/div>\n\t\t<\/div>\n\t\t\t\t<div class=\"elementor-column elementor-col-33 elementor-top-column elementor-element elementor-element-7a21c52\" data-id=\"7a21c52\" data-element_type=\"column\" data-settings=\"{&quot;background_background&quot;:&quot;classic&quot;}\">\n\t\t\t<div class=\"elementor-widget-wrap elementor-element-populated\">\n\t\t\t\t\t\t<div class=\"elementor-element elementor-element-8ec568f icon-list-home22 elementor-view-default elementor-position-top elementor-mobile-position-top elementor-widget elementor-widget-icon-box\" data-id=\"8ec568f\" data-element_type=\"widget\" data-widget_type=\"icon-box.default\">\n\t\t\t\t<div class=\"elementor-widget-container\">\n\t\t\t\t\t<div class=\"elementor-icon-box-wrapper\">\n\n\t\t\t\t\t\t<div class=\"elementor-icon-box-icon\">\n\t\t\t\t<span  class=\"elementor-icon elementor-animation-\">\n\t\t\t\t<svg xmlns=\"http:\/\/www.w3.org\/2000\/svg\" width=\"92\" height=\"93\" viewBox=\"0 0 92 93\" fill=\"none\"><path d=\"M45.8613 92.3867C70.9277 92.3867 91.6816 71.5879 91.6816 46.5664C91.6816 21.5 70.8828 0.746094 45.8164 0.746094C20.7949 0.746094 0.0410156 21.5 0.0410156 46.5664C0.0410156 71.5879 20.8398 92.3867 45.8613 92.3867ZM45.8613 84.75C24.6582 84.75 7.72266 67.7695 7.72266 46.5664C7.72266 25.3633 24.6133 8.38281 45.8164 8.38281C67.0195 8.38281 84 25.3633 84.0449 46.5664C84.0898 67.7695 67.0645 84.75 45.8613 84.75ZM52.0605 68.2188C54.2168 68.2188 55.8789 67.9941 57.002 67.5449C58.2598 67.0059 58.8887 66.1523 58.8887 65.0293C58.8887 63.457 57.7656 62.5586 56.1934 62.5586C55.2051 62.5586 53.8574 62.8281 52.0156 62.8281C45.457 62.8281 40.0215 59.5039 38.0449 52.9004H52.0156C53.2734 52.9004 54.1719 51.9121 54.1719 50.6992C54.1719 49.3965 53.2734 48.4531 52.0156 48.4531H37.1914C37.1465 47.8691 37.1465 47.2852 37.1465 46.6113C37.1465 45.9375 37.1465 45.3086 37.1914 44.6797H52.0156C53.2734 44.6797 54.1719 43.6914 54.1719 42.4336C54.1719 41.1309 53.2734 40.2324 52.0156 40.2324H38.0898C40.1113 33.7637 45.502 30.4844 52.0156 30.4844C53.8574 30.4844 55.25 30.709 56.1934 30.709C57.7656 30.709 58.8887 29.8105 58.8887 28.2383C58.8887 27.1602 58.4395 26.2168 56.9121 25.5879C55.834 25.1836 54.2617 25.0039 52.0605 25.0039C42.627 25.0039 34.3164 30.0801 31.8906 40.2324H26.8145C25.6016 40.2324 24.6582 41.1309 24.6582 42.4336C24.6582 43.6914 25.6016 44.6797 26.8145 44.6797H31.2617C31.2168 45.3086 31.2168 45.8477 31.2168 46.5664C31.2168 47.375 31.2617 48.0488 31.2617 48.4531H26.8145C25.6016 48.4531 24.6582 49.3965 24.6582 50.6992C24.6582 51.9121 25.6016 52.9004 26.8145 52.9004H31.8906C34.3164 63.1426 42.582 68.2188 52.0605 68.2188Z\" fill=\"#F04B24\"><\/path><\/svg>\t\t\t\t<\/span>\n\t\t\t<\/div>\n\t\t\t\n\t\t\t\t\t\t<div class=\"elementor-icon-box-content\">\n\n\t\t\t\t\t\t\t\t\t<h3 class=\"elementor-icon-box-title\">\n\t\t\t\t\t\t<span  >\n\t\t\t\t\t\t\tOpc\u0327o\u0303es de investimento\t\t\t\t\t\t<\/span>\n\t\t\t\t\t<\/h3>\n\t\t\t\t\n\t\t\t\t\t\t\t\t\t<p class=\"elementor-icon-box-description\">\n\t\t\t\t\t\t<span>+<\/span> Investimento mi\u0301nimo de 500.000\u20ac num im\u00f3vel\n<br>\n<span>+<\/span> Ou investimento mi\u0301nimo de 350.000\u20ac num im\u00f3vel para reabilitar\n<br>\n<span>+<\/span> Ou transfere\u0302ncia de capital no montante de 1 milha\u0303o de euros\n<br>\n<span>+<\/span> Ou investimento de 350.000\u20ac num fundo de investimento\t\t\t\t\t<\/p>\n\t\t\t\t\n\t\t\t<\/div>\n\t\t\t\n\t\t<\/div>\n\t\t\t\t<\/div>\n\t\t\t\t<\/div>\n\t\t\t\t\t<\/div>\n\t\t<\/div>\n\t\t\t\t\t<\/div>\n\t\t<\/section>\n\t\t\t\t<section class=\"elementor-section elementor-top-section elementor-element elementor-element-12b2768 elementor-section-boxed elementor-section-height-default elementor-section-height-default\" data-id=\"12b2768\" data-element_type=\"section\" data-settings=\"{&quot;background_background&quot;:&quot;classic&quot;}\">\n\t\t\t\t\t\t<div class=\"elementor-container elementor-column-gap-default\">\n\t\t\t\t\t<div class=\"elementor-column elementor-col-100 elementor-top-column elementor-element elementor-element-c80f494\" data-id=\"c80f494\" data-element_type=\"column\">\n\t\t\t<div class=\"elementor-widget-wrap elementor-element-populated\">\n\t\t\t\t\t\t<div class=\"elementor-element elementor-element-0c036ba elementor-widget elementor-widget-spacer\" data-id=\"0c036ba\" data-element_type=\"widget\" data-widget_type=\"spacer.default\">\n\t\t\t\t<div class=\"elementor-widget-container\">\n\t\t\t\t\t<div class=\"elementor-spacer\">\n\t\t\t<div class=\"elementor-spacer-inner\"><\/div>\n\t\t<\/div>\n\t\t\t\t<\/div>\n\t\t\t\t<\/div>\n\t\t\t\t\t<\/div>\n\t\t<\/div>\n\t\t\t\t\t<\/div>\n\t\t<\/section>\n\t\t\t\t<\/div>\n\t\t","protected":false},"excerpt":{"rendered":"<p>GOLDEN VISA Obter visto de resid\u00eancia em Portugal e na Europa Investimento que lhe confere liberdade de circula\u00e7\u00e3o O programa Golden Visa e\u0301 um dos mais populares na Europa em termos de obtenc\u0327a\u0303o de reside\u0302ncia e foca-se principalmente no investimento imobilia\u0301rio. A sua aceitac\u0327a\u0303o e popularidade entre os pai\u0301ses de fora da Unia\u0303o Europeia decorre [&hellip;]<\/p>\n","protected":false},"author":1,"featured_media":25218,"parent":26290,"menu_order":0,"comment_status":"closed","ping_status":"closed","template":"template\/template-homepage.php","meta":{"inline_featured_image":false,"footnotes":""},"yoast_head":"<!-- This site is optimized with the Yoast SEO Premium plugin v20.8 (Yoast SEO v22.5) - https:\/\/yoast.com\/wordpress\/plugins\/seo\/ -->\n<title>The Golden Visa Programme - Quintela + Penalva | Knight Frank<\/title>\n<meta name=\"robots\" content=\"index, follow, max-snippet:-1, max-image-preview:large, max-video-preview:-1\" \/>\n<link rel=\"canonical\" href=\"https:\/\/homolog.data7tecnologia.com.br\/en\/investing-in-portugal\/the-golden-visa-programme\/\" \/>\n<meta property=\"og:locale\" content=\"en_US\" \/>\n<meta property=\"og:type\" content=\"article\" \/>\n<meta property=\"og:title\" content=\"The Golden Visa Programme - Quintela + Penalva | Knight Frank\" \/>\n<meta property=\"og:description\" content=\"GOLDEN VISA Obter visto de resid\u00eancia em Portugal e na Europa Investimento que lhe confere liberdade de circula\u00e7\u00e3o O programa Golden Visa e\u0301 um dos mais populares na Europa em termos de obtenc\u0327a\u0303o de reside\u0302ncia e foca-se principalmente no investimento imobilia\u0301rio. A sua aceitac\u0327a\u0303o e popularidade entre os pai\u0301ses de fora da Unia\u0303o Europeia decorre [&hellip;]\" \/>\n<meta property=\"og:url\" content=\"https:\/\/homolog.data7tecnologia.com.br\/en\/investing-in-portugal\/the-golden-visa-programme\/\" \/>\n<meta property=\"og:site_name\" content=\"Quintela + Penalva | Knight Frank\" \/>\n<meta property=\"article:publisher\" content=\"https:\/\/www.facebook.com\/quintelaepenalva.pt\" \/>\n<meta property=\"article:modified_time\" content=\"2023-10-27T17:58:36+00:00\" \/>\n<meta name=\"twitter:card\" content=\"summary_large_image\" \/>\n<meta name=\"twitter:label1\" content=\"Est. reading time\" \/>\n\t<meta name=\"twitter:data1\" content=\"2 minutes\" \/>\n<script type=\"application\/ld+json\" class=\"yoast-schema-graph\">{\"@context\":\"https:\/\/schema.org\",\"@graph\":[{\"@type\":\"WebPage\",\"@id\":\"https:\/\/homolog.data7tecnologia.com.br\/en\/investing-in-portugal\/the-golden-visa-programme\/\",\"url\":\"https:\/\/homolog.data7tecnologia.com.br\/en\/investing-in-portugal\/the-golden-visa-programme\/\",\"name\":\"The Golden Visa Programme - Quintela + Penalva | Knight Frank\",\"isPartOf\":{\"@id\":\"https:\/\/homolog.data7tecnologia.com.br\/#website\"},\"primaryImageOfPage\":{\"@id\":\"https:\/\/homolog.data7tecnologia.com.br\/en\/investing-in-portugal\/the-golden-visa-programme\/#primaryimage\"},\"image\":{\"@id\":\"https:\/\/homolog.data7tecnologia.com.br\/en\/investing-in-portugal\/the-golden-visa-programme\/#primaryimage\"},\"thumbnailUrl\":\"\",\"datePublished\":\"2021-07-26T14:00:52+00:00\",\"dateModified\":\"2023-10-27T17:58:36+00:00\",\"breadcrumb\":{\"@id\":\"https:\/\/homolog.data7tecnologia.com.br\/en\/investing-in-portugal\/the-golden-visa-programme\/#breadcrumb\"},\"inLanguage\":\"en-US\",\"potentialAction\":[{\"@type\":\"ReadAction\",\"target\":[\"https:\/\/homolog.data7tecnologia.com.br\/en\/investing-in-portugal\/the-golden-visa-programme\/\"]}]},{\"@type\":\"ImageObject\",\"inLanguage\":\"en-US\",\"@id\":\"https:\/\/homolog.data7tecnologia.com.br\/en\/investing-in-portugal\/the-golden-visa-programme\/#primaryimage\",\"url\":\"\",\"contentUrl\":\"\"},{\"@type\":\"BreadcrumbList\",\"@id\":\"https:\/\/homolog.data7tecnologia.com.br\/en\/investing-in-portugal\/the-golden-visa-programme\/#breadcrumb\",\"itemListElement\":[{\"@type\":\"ListItem\",\"position\":1,\"name\":\"Investing in Portugal\",\"item\":\"http:\/\/homolog.data7tecnologia.com.br\/en\/investir-em-portugal\/\"},{\"@type\":\"ListItem\",\"position\":2,\"name\":\"The Golden Visa Programme\"}]},{\"@type\":\"WebSite\",\"@id\":\"https:\/\/homolog.data7tecnologia.com.br\/#website\",\"url\":\"https:\/\/homolog.data7tecnologia.com.br\/\",\"name\":\"Quintela + Penalva | Knight Frank\",\"description\":\"Real Estate\",\"potentialAction\":[{\"@type\":\"SearchAction\",\"target\":{\"@type\":\"EntryPoint\",\"urlTemplate\":\"https:\/\/homolog.data7tecnologia.com.br\/?s={search_term_string}\"},\"query-input\":\"required name=search_term_string\"}],\"inLanguage\":\"en-US\"}]}<\/script>\n<!-- \/ Yoast SEO Premium plugin. -->","yoast_head_json":{"title":"The Golden Visa Programme - Quintela + Penalva | Knight Frank","robots":{"index":"index","follow":"follow","max-snippet":"max-snippet:-1","max-image-preview":"max-image-preview:large","max-video-preview":"max-video-preview:-1"},"canonical":"https:\/\/homolog.data7tecnologia.com.br\/en\/investing-in-portugal\/the-golden-visa-programme\/","og_locale":"en_US","og_type":"article","og_title":"The Golden Visa Programme - Quintela + Penalva | Knight Frank","og_description":"GOLDEN VISA Obter visto de resid\u00eancia em Portugal e na Europa Investimento que lhe confere liberdade de circula\u00e7\u00e3o O programa Golden Visa e\u0301 um dos mais populares na Europa em termos de obtenc\u0327a\u0303o de reside\u0302ncia e foca-se principalmente no investimento imobilia\u0301rio. A sua aceitac\u0327a\u0303o e popularidade entre os pai\u0301ses de fora da Unia\u0303o Europeia decorre [&hellip;]","og_url":"https:\/\/homolog.data7tecnologia.com.br\/en\/investing-in-portugal\/the-golden-visa-programme\/","og_site_name":"Quintela + Penalva | Knight Frank","article_publisher":"https:\/\/www.facebook.com\/quintelaepenalva.pt","article_modified_time":"2023-10-27T17:58:36+00:00","twitter_card":"summary_large_image","twitter_misc":{"Est. reading time":"2 minutes"},"schema":{"@context":"https:\/\/schema.org","@graph":[{"@type":"WebPage","@id":"https:\/\/homolog.data7tecnologia.com.br\/en\/investing-in-portugal\/the-golden-visa-programme\/","url":"https:\/\/homolog.data7tecnologia.com.br\/en\/investing-in-portugal\/the-golden-visa-programme\/","name":"The Golden Visa Programme - Quintela + Penalva | Knight Frank","isPartOf":{"@id":"https:\/\/homolog.data7tecnologia.com.br\/#website"},"primaryImageOfPage":{"@id":"https:\/\/homolog.data7tecnologia.com.br\/en\/investing-in-portugal\/the-golden-visa-programme\/#primaryimage"},"image":{"@id":"https:\/\/homolog.data7tecnologia.com.br\/en\/investing-in-portugal\/the-golden-visa-programme\/#primaryimage"},"thumbnailUrl":"","datePublished":"2021-07-26T14:00:52+00:00","dateModified":"2023-10-27T17:58:36+00:00","breadcrumb":{"@id":"https:\/\/homolog.data7tecnologia.com.br\/en\/investing-in-portugal\/the-golden-visa-programme\/#breadcrumb"},"inLanguage":"en-US","potentialAction":[{"@type":"ReadAction","target":["https:\/\/homolog.data7tecnologia.com.br\/en\/investing-in-portugal\/the-golden-visa-programme\/"]}]},{"@type":"ImageObject","inLanguage":"en-US","@id":"https:\/\/homolog.data7tecnologia.com.br\/en\/investing-in-portugal\/the-golden-visa-programme\/#primaryimage","url":"","contentUrl":""},{"@type":"BreadcrumbList","@id":"https:\/\/homolog.data7tecnologia.com.br\/en\/investing-in-portugal\/the-golden-visa-programme\/#breadcrumb","itemListElement":[{"@type":"ListItem","position":1,"name":"Investing in Portugal","item":"http:\/\/homolog.data7tecnologia.com.br\/en\/investir-em-portugal\/"},{"@type":"ListItem","position":2,"name":"The Golden Visa Programme"}]},{"@type":"WebSite","@id":"https:\/\/homolog.data7tecnologia.com.br\/#website","url":"https:\/\/homolog.data7tecnologia.com.br\/","name":"Quintela + Penalva | Knight Frank","description":"Real Estate","potentialAction":[{"@type":"SearchAction","target":{"@type":"EntryPoint","urlTemplate":"https:\/\/homolog.data7tecnologia.com.br\/?s={search_term_string}"},"query-input":"required name=search_term_string"}],"inLanguage":"en-US"}]}},"_links":{"self":[{"href":"https:\/\/homolog.data7tecnologia.com.br\/en\/wp-json\/wp\/v2\/pages\/26571"}],"collection":[{"href":"https:\/\/homolog.data7tecnologia.com.br\/en\/wp-json\/wp\/v2\/pages"}],"about":[{"href":"https:\/\/homolog.data7tecnologia.com.br\/en\/wp-json\/wp\/v2\/types\/page"}],"author":[{"embeddable":true,"href":"https:\/\/homolog.data7tecnologia.com.br\/en\/wp-json\/wp\/v2\/users\/1"}],"replies":[{"embeddable":true,"href":"https:\/\/homolog.data7tecnologia.com.br\/en\/wp-json\/wp\/v2\/comments?post=26571"}],"version-history":[{"count":0,"href":"https:\/\/homolog.data7tecnologia.com.br\/en\/wp-json\/wp\/v2\/pages\/26571\/revisions"}],"up":[{"embeddable":true,"href":"https:\/\/homolog.data7tecnologia.com.br\/en\/wp-json\/wp\/v2\/pages\/26290"}],"wp:featuredmedia":[{"embeddable":true,"href":"https:\/\/homolog.data7tecnologia.com.br\/en\/wp-json\/"}],"wp:attachment":[{"href":"https:\/\/homolog.data7tecnologia.com.br\/en\/wp-json\/wp\/v2\/media?parent=26571"}],"curies":[{"name":"wp","href":"https:\/\/api.w.org\/{rel}","templated":true}]}}